{"id":22,"date":"2024-05-21T05:04:19","date_gmt":"2024-05-21T05:04:19","guid":{"rendered":"https:\/\/cosion.themeori.com\/?page_id=22"},"modified":"2024-09-23T11:00:54","modified_gmt":"2024-09-23T09:00:54","slug":"servicios","status":"publish","type":"page","link":"https:\/\/dedalo.dinkbitwordpress.es\/en\/servicios\/","title":{"rendered":"Services"},"content":{"rendered":"<div data-elementor-type=\"wp-page\" data-elementor-id=\"22\" class=\"elementor elementor-22\">\n\t\t\t\t\t\t<section class=\"elementor-section elementor-top-section elementor-element elementor-element-0c6b77a elementor-section-boxed elementor-section-height-default elementor-section-height-default\" data-id=\"0c6b77a\" data-element_type=\"section\">\n\t\t\t\t\t\t<div class=\"elementor-container elementor-column-gap-custom\">\n\t\t\t\t\t<div class=\"elementor-column elementor-col-33 elementor-top-column elementor-element elementor-element-a25138c\" data-id=\"a25138c\" data-element_type=\"column\">\n\t\t\t<div class=\"elementor-widget-wrap elementor-element-populated\">\n\t\t\t\t\t\t<div class=\"elementor-element elementor-element-c701090 elementor-widget elementor-widget-flexitype-icon-box\" data-id=\"c701090\" data-element_type=\"widget\" data-widget_type=\"flexitype-icon-box.default\">\n\t\t\t\t<div class=\"elementor-widget-container\">\n\t\t\t\r\n        <div class=\"icon__box-item\">\r\n                                        <div class=\"icon__box-item-overlay\"><\/div>\r\n                                    <div class=\"icon__box-item-content\">\r\n                <div class=\"title\">\r\n                                            <h5>\r\n                                                            <a href=\"\/en\/derecho-mercantil-y-societario\/\">\r\n                                    Derecho mercantil y societario                                <\/a>\r\n                                                    <\/h5>\r\n                                                                <p>El despacho cuenta con amplia experiencia en la materia dada la trayectoria..<\/p>\n                                    <\/div>\r\n                                <div>\r\n                    <a class=\"flexitype-button right\" href=\"\/en\/derecho-mercantil-y-societario\/\">\r\n                        Ver m\u00e1s                        <i class=\"fas fa-plus\"><\/i>                    <\/a>\r\n                <\/div>\r\n                            <\/div>\r\n        <\/div>\r\n\r\n        \t\t<\/div>\n\t\t\t\t<\/div>\n\t\t\t\t<div class=\"elementor-element elementor-element-2db5a17 elementor-widget elementor-widget-flexitype-icon-box\" data-id=\"2db5a17\" data-element_type=\"widget\" data-widget_type=\"flexitype-icon-box.default\">\n\t\t\t\t<div class=\"elementor-widget-container\">\n\t\t\t\r\n        <div class=\"icon__box-item\">\r\n                                        <div class=\"icon__box-item-overlay\"><\/div>\r\n                                    <div class=\"icon__box-item-content\">\r\n                <div class=\"title\">\r\n                                            <h5>\r\n                                                            <a href=\"\/en\/derecho-civil\/\">\r\n                                    Derecho civil                                <\/a>\r\n                                                    <\/h5>\r\n                                                                <p>D\u00c9DALO proporciona a nuestros clientes el asesoramiento y las actuaciones...<\/p>\n                                    <\/div>\r\n                                <div>\r\n                    <a class=\"flexitype-button right\" href=\"\/en\/derecho-civil\/\">\r\n                        Ver m\u00e1s                        <i class=\"fas fa-plus\"><\/i>                    <\/a>\r\n                <\/div>\r\n                            <\/div>\r\n        <\/div>\r\n\r\n        \t\t<\/div>\n\t\t\t\t<\/div>\n\t\t\t\t<div class=\"elementor-element elementor-element-08df2c5 elementor-widget elementor-widget-flexitype-icon-box\" data-id=\"08df2c5\" data-element_type=\"widget\" data-widget_type=\"flexitype-icon-box.default\">\n\t\t\t\t<div class=\"elementor-widget-container\">\n\t\t\t\r\n        <div class=\"icon__box-item\">\r\n                                        <div class=\"icon__box-item-overlay\"><\/div>\r\n                                    <div class=\"icon__box-item-content\">\r\n                <div class=\"title\">\r\n                                            <h5>\r\n                                                            <a href=\"\/en\/derecho-procesal\/\">\r\n                                    Soporte a administradores concursales                                <\/a>\r\n                                                    <\/h5>\r\n                                                                <p><span style=\"font-weight: 400\">Ofrecemos un servicio global externalizado a los administradores concursales...<\/span><\/p>\n                                    <\/div>\r\n                                <div>\r\n                    <a class=\"flexitype-button right\" href=\"\/en\/derecho-procesal\/\">\r\n                        Ver m\u00e1s                        <i class=\"fas fa-plus\"><\/i>                    <\/a>\r\n                <\/div>\r\n                            <\/div>\r\n        <\/div>\r\n\r\n        \t\t<\/div>\n\t\t\t\t<\/div>\n\t\t\t\t\t<\/div>\n\t\t<\/div>\n\t\t\t\t<div class=\"elementor-column elementor-col-33 elementor-top-column elementor-element elementor-element-0b65153\" data-id=\"0b65153\" data-element_type=\"column\">\n\t\t\t<div class=\"elementor-widget-wrap elementor-element-populated\">\n\t\t\t\t\t\t<div class=\"elementor-element elementor-element-5188287 elementor-widget elementor-widget-flexitype-icon-box\" data-id=\"5188287\" data-element_type=\"widget\" data-widget_type=\"flexitype-icon-box.default\">\n\t\t\t\t<div class=\"elementor-widget-container\">\n\t\t\t\r\n        <div class=\"icon__box-item\">\r\n                                        <div class=\"icon__box-item-overlay\"><\/div>\r\n                                    <div class=\"icon__box-item-content\">\r\n                <div class=\"title\">\r\n                                            <h5>\r\n                                                            <a href=\"\/en\/servicios-en-materia-contable-financiera\/\">\r\n                                    Servicios en materia contable \u2013 financiera                                <\/a>\r\n                                                    <\/h5>\r\n                                                                <p>Resolvemos sus obligaciones contables y mercantiles mediante contabilidad...<\/p>\n                                    <\/div>\r\n                                <div>\r\n                    <a class=\"flexitype-button right\" href=\"\/en\/servicios-en-materia-contable-financiera\/\">\r\n                        Ver m\u00e1s                        <i class=\"fas fa-plus\"><\/i>                    <\/a>\r\n                <\/div>\r\n                            <\/div>\r\n        <\/div>\r\n\r\n        \t\t<\/div>\n\t\t\t\t<\/div>\n\t\t\t\t<div class=\"elementor-element elementor-element-427f9e9 elementor-widget elementor-widget-flexitype-icon-box\" data-id=\"427f9e9\" data-element_type=\"widget\" data-widget_type=\"flexitype-icon-box.default\">\n\t\t\t\t<div class=\"elementor-widget-container\">\n\t\t\t\r\n        <div class=\"icon__box-item\">\r\n                                        <div class=\"icon__box-item-overlay\"><\/div>\r\n                                    <div class=\"icon__box-item-content\">\r\n                <div class=\"title\">\r\n                                            <h5>\r\n                                                            <a href=\"\/en\/derecho-procesal\/\">\r\n                                    Derecho procesal                                <\/a>\r\n                                                    <\/h5>\r\n                                                                <p>Asesoramiento pre\u2013contencioso y direcci\u00f3n letrada en toda clase de procedimientos...<\/p>\n                                    <\/div>\r\n                                <div>\r\n                    <a class=\"flexitype-button right\" href=\"\/en\/derecho-procesal\/\">\r\n                        Ver m\u00e1s                        <i class=\"fas fa-plus\"><\/i>                    <\/a>\r\n                <\/div>\r\n                            <\/div>\r\n        <\/div>\r\n\r\n        \t\t<\/div>\n\t\t\t\t<\/div>\n\t\t\t\t<div class=\"elementor-element elementor-element-47ffdd3 elementor-widget elementor-widget-flexitype-icon-box\" data-id=\"47ffdd3\" data-element_type=\"widget\" data-widget_type=\"flexitype-icon-box.default\">\n\t\t\t\t<div class=\"elementor-widget-container\">\n\t\t\t\r\n        <div class=\"icon__box-item\">\r\n                                        <div class=\"icon__box-item-overlay\"><\/div>\r\n                                    <div class=\"icon__box-item-content\">\r\n                <div class=\"title\">\r\n                                            <h5>\r\n                                                            <a href=\"\/en\/insolvencia-y-reestructuracion\/\">\r\n                                    Insolvencia y reestructuraci\u00f3n                                <\/a>\r\n                                                    <\/h5>\r\n                                                                <p>Realizamos asesoramiento preventivo que permita llevar a cabo un proceso...<\/p>\n                                    <\/div>\r\n                                <div>\r\n                    <a class=\"flexitype-button right\" href=\"\/en\/insolvencia-y-reestructuracion\/\">\r\n                        Ver m\u00e1s                        <i class=\"fas fa-plus\"><\/i>                    <\/a>\r\n                <\/div>\r\n                            <\/div>\r\n        <\/div>\r\n\r\n        \t\t<\/div>\n\t\t\t\t<\/div>\n\t\t\t\t\t<\/div>\n\t\t<\/div>\n\t\t\t\t<div class=\"elementor-column elementor-col-33 elementor-top-column elementor-element elementor-element-a5c30d2\" data-id=\"a5c30d2\" data-element_type=\"column\">\n\t\t\t<div class=\"elementor-widget-wrap elementor-element-populated\">\n\t\t\t\t\t\t<div class=\"elementor-element elementor-element-d789fd6 elementor-widget-tablet__width-initial elementor-widget-mobile__width-inherit elementor-widget elementor-widget-flexitype-icon-box\" data-id=\"d789fd6\" data-element_type=\"widget\" data-widget_type=\"flexitype-icon-box.default\">\n\t\t\t\t<div class=\"elementor-widget-container\">\n\t\t\t\r\n        <div class=\"icon__box-item\">\r\n                                        <div class=\"icon__box-item-overlay\"><\/div>\r\n                                    <div class=\"icon__box-item-content\">\r\n                <div class=\"title\">\r\n                                            <h5>\r\n                                                            <a href=\"\/en\/derecho-fiscal\/\">\r\n                                    Derecho fiscal                                <\/a>\r\n                                                    <\/h5>\r\n                                                                <p><span class=\"elementor-icon-list-text\">\u200bAsesoramiento continuado a las empresas en la adecuada atenci\u00f3n...<\/span><\/p>\n                                    <\/div>\r\n                                <div>\r\n                    <a class=\"flexitype-button right\" href=\"\/en\/derecho-fiscal\/\">\r\n                        Ver m\u00e1s                        <i class=\"fas fa-plus\"><\/i>                    <\/a>\r\n                <\/div>\r\n                            <\/div>\r\n        <\/div>\r\n\r\n        \t\t<\/div>\n\t\t\t\t<\/div>\n\t\t\t\t<div class=\"elementor-element elementor-element-4b5142b elementor-widget-tablet__width-initial elementor-widget-mobile__width-inherit elementor-widget elementor-widget-flexitype-icon-box\" data-id=\"4b5142b\" data-element_type=\"widget\" data-widget_type=\"flexitype-icon-box.default\">\n\t\t\t\t<div class=\"elementor-widget-container\">\n\t\t\t\r\n        <div class=\"icon__box-item\">\r\n                                        <div class=\"icon__box-item-overlay\"><\/div>\r\n                                    <div class=\"icon__box-item-content\">\r\n                <div class=\"title\">\r\n                                            <h5>\r\n                                                            <a href=\"\/en\/recuperacion-de-la-posesion-de-los-activos-inmobiliarios\/\">\r\n                                    Recuperaci\u00f3n de la posesi\u00f3n de los activos inmobiliarios                                <\/a>\r\n                                                    <\/h5>\r\n                                                                <p>Tramitaci\u00f3n en sede judicial de problem\u00e1ticas referidas a la ocupaci\u00f3n...<\/p>\n                                    <\/div>\r\n                                <div>\r\n                    <a class=\"flexitype-button right\" href=\"\/en\/recuperacion-de-la-posesion-de-los-activos-inmobiliarios\/\">\r\n                        Ver m\u00e1s                        <i class=\"fas fa-plus\"><\/i>                    <\/a>\r\n                <\/div>\r\n                            <\/div>\r\n        <\/div>\r\n\r\n        \t\t<\/div>\n\t\t\t\t<\/div>\n\t\t\t\t<div class=\"elementor-element elementor-element-5cfa092 elementor-widget-tablet__width-initial elementor-widget-mobile__width-inherit elementor-widget elementor-widget-flexitype-icon-box\" data-id=\"5cfa092\" data-element_type=\"widget\" data-widget_type=\"flexitype-icon-box.default\">\n\t\t\t\t<div class=\"elementor-widget-container\">\n\t\t\t\r\n        <div class=\"icon__box-item\">\r\n                                        <div class=\"icon__box-item-overlay\"><\/div>\r\n                                    <div class=\"icon__box-item-content\">\r\n                <div class=\"title\">\r\n                                            <h5>\r\n                                                            <a href=\"http:\/\/compraventa-de-unidades-productivas-y-pre-pack\/\">\r\n                                    Compraventa de unidades productivas y pre pack                                <\/a>\r\n                                                    <\/h5>\r\n                                                                <p><span class=\"elementor-icon-list-text\">Asesoramos y gestionamos la compraventa de unidades productivas en concurso...<\/span><\/p>\n                                    <\/div>\r\n                                <div>\r\n                    <a class=\"flexitype-button right\" href=\"http:\/\/compraventa-de-unidades-productivas-y-pre-pack\/\">\r\n                        Ver m\u00e1s                        <i class=\"fas fa-plus\"><\/i>                    <\/a>\r\n                <\/div>\r\n                            <\/div>\r\n        <\/div>\r\n\r\n        \t\t<\/div>\n\t\t\t\t<\/div>\n\t\t\t\t\t<\/div>\n\t\t<\/div>\n\t\t\t\t\t<\/div>\n\t\t<\/section>\n\t\t\t\t<\/div>","protected":false},"excerpt":{"rendered":"<p>Derecho mercantil y societario El despacho cuenta con amplia experiencia en la materia dada la trayectoria.. Ver m\u00e1s Derecho civil D\u00c9DALO proporciona a nuestros clientes el asesoramiento y las actuaciones&#8230; Ver m\u00e1s Soporte a administradores concursales Ofrecemos un servicio global externalizado a los administradores concursales&#8230; Ver m\u00e1s Servicios en materia contable \u2013 financiera Resolvemos sus [&hellip;]<\/p>","protected":false},"author":1,"featured_media":0,"parent":0,"menu_order":0,"comment_status":"closed","ping_status":"closed","template":"page-builder.php","meta":{"footnotes":""},"class_list":["post-22","page","type-page","status-publish","hentry"],"_links":{"self":[{"href":"https:\/\/dedalo.dinkbitwordpress.es\/en\/wp-json\/wp\/v2\/pages\/22","targetHints":{"allow":["GET"]}}],"collection":[{"href":"https:\/\/dedalo.dinkbitwordpress.es\/en\/wp-json\/wp\/v2\/pages"}],"about":[{"href":"https:\/\/dedalo.dinkbitwordpress.es\/en\/wp-json\/wp\/v2\/types\/page"}],"author":[{"embeddable":true,"href":"https:\/\/dedalo.dinkbitwordpress.es\/en\/wp-json\/wp\/v2\/users\/1"}],"replies":[{"embeddable":true,"href":"https:\/\/dedalo.dinkbitwordpress.es\/en\/wp-json\/wp\/v2\/comments?post=22"}],"version-history":[{"count":13,"href":"https:\/\/dedalo.dinkbitwordpress.es\/en\/wp-json\/wp\/v2\/pages\/22\/revisions"}],"predecessor-version":[{"id":4300,"href":"https:\/\/dedalo.dinkbitwordpress.es\/en\/wp-json\/wp\/v2\/pages\/22\/revisions\/4300"}],"wp:attachment":[{"href":"https:\/\/dedalo.dinkbitwordpress.es\/en\/wp-json\/wp\/v2\/media?parent=22"}],"curies":[{"name":"wp","href":"https:\/\/api.w.org\/{rel}","templated":true}]}}